{"id":632,"date":"2023-07-17T11:49:49","date_gmt":"2023-07-17T11:49:49","guid":{"rendered":"https:\/\/presto.ee\/ticket\/?page_id=632"},"modified":"2023-07-17T11:51:51","modified_gmt":"2023-07-17T11:51:51","slug":"bussi-kasutamise-tingimused","status":"publish","type":"page","link":"https:\/\/presto.ee\/ticket\/bussi-kasutamise-tingimused\/","title":{"rendered":"Bussi kasutamise tingimused"},"content":{"rendered":"\t\t<div data-elementor-type=\"wp-page\" data-elementor-id=\"632\" class=\"elementor elementor-632\">\n\t\t\t\t\t\t<section class=\"has_eae_slider elementor-section elementor-top-section elementor-element elementor-element-9fce223 elementor-section-boxed elementor-section-height-default elementor-section-height-default\" data-eae-slider=\"30865\" data-id=\"9fce223\" data-element_type=\"section\" data-e-type=\"section\">\n\t\t\t\t\t\t<div class=\"elementor-container elementor-column-gap-default\">\n\t\t\t\t\t<div class=\"has_eae_slider elementor-column elementor-col-100 elementor-top-column elementor-element elementor-element-b3dcbcd\" data-eae-slider=\"95355\" data-id=\"b3dcbcd\" data-element_type=\"column\" data-e-type=\"column\">\n\t\t\t<div class=\"elementor-widget-wrap elementor-element-populated\">\n\t\t\t\t\t\t<div class=\"elementor-element elementor-element-5eeee34 elementor-widget elementor-widget-heading\" data-id=\"5eeee34\" data-element_type=\"widget\" data-e-type=\"widget\" data-widget_type=\"heading.default\">\n\t\t\t\t<div class=\"elementor-widget-container\">\n\t\t\t\t\t<h3 class=\"elementor-heading-title elementor-size-default\">Bussi kasutamise tingimused<\/h3>\t\t\t\t<\/div>\n\t\t\t\t<\/div>\n\t\t\t\t\t<\/div>\n\t\t<\/div>\n\t\t\t\t\t<\/div>\n\t\t<\/section>\n\t\t\t\t<section class=\"has_eae_slider elementor-section elementor-top-section elementor-element elementor-element-07f2573 elementor-section-boxed elementor-section-height-default elementor-section-height-default\" data-eae-slider=\"24478\" data-id=\"07f2573\" data-element_type=\"section\" data-e-type=\"section\">\n\t\t\t\t\t\t<div class=\"elementor-container elementor-column-gap-default\">\n\t\t\t\t\t<div class=\"has_eae_slider elementor-column elementor-col-100 elementor-top-column elementor-element elementor-element-4d76dd8\" data-eae-slider=\"51082\" data-id=\"4d76dd8\" data-element_type=\"column\" data-e-type=\"column\">\n\t\t\t<div class=\"elementor-widget-wrap elementor-element-populated\">\n\t\t\t\t\t\t<div class=\"elementor-element elementor-element-a6e9eeb elementor-widget elementor-widget-text-editor\" data-id=\"a6e9eeb\" data-element_type=\"widget\" data-e-type=\"widget\" data-widget_type=\"text-editor.default\">\n\t\t\t\t<div class=\"elementor-widget-container\">\n\t\t\t\t\t\t\t\t\t<div class=\"document-page\" data-page=\"1\"><div class=\"pdf-page\"><div class=\"text-wrapper user-select-text\"><div data-canvas-width=\"177.58399999999997\">Reisija \u00f5igused ja kohustused<\/div><div data-canvas-width=\"561.6306666666667\">Reisija on kohustatud enne s\u00f5idu alustamist kinnitama turvav\u00f6\u00f6, juhul kui bussis on turvav\u00f6\u00f6d.<\/div><div data-canvas-width=\"284.2253333333335\">Reisija kohustub j\u00e4rgima bussi sisekorraeeskirju.<\/div><div data-canvas-width=\"460.3573333333335\">Reisijal on kohustus kaasa aidata reisijaveolepingu n\u00f5uetekohasele t\u00e4itmisele.<\/div><div data-canvas-width=\"490.0866666666669\">Reisijal ei ole \u00f5igust muuta reisijaveolepingut v\u00f5i tellimuse kinnituses kokkulepitut.<\/div><div data-canvas-width=\"265.67200000000014\">Reisijal ei ole \u00f5igust lahkuda liikuvast bussist.<\/div><div data-canvas-width=\"280.44133333333343\">Reisija kohustub alluma bussijuhi korraldustele.<\/div><div data-canvas-width=\"328.8266666666667\">Reisijal on keelatud alkoholi kaasav\u00f5tmine bussisalongi.<\/div><div data-canvas-width=\"273.6506666666668\">Reisijal on keelatud tarbida alkoholi s\u00f5idu ajal.<\/div><div data-canvas-width=\"322.7106666666667\">Reisijal on keelatud suitsetamine bussisalongis ja WCs.<\/div><div data-canvas-width=\"243.65733333333338\">Reisija ei tohi segada bussijuhti s\u00f5idu ajal<\/div><div data-canvas-width=\"416.6213333333335\">Reisija ei tohi seista p\u00fcsti s\u00f5idu ajal, v.a. p\u00fcstiseisu kohtade olemasolul<\/div><div data-canvas-width=\"330.71866666666676\">Reisija ei tohi s\u00fc\u00fca ega tarvitada kuumi jooke s\u00f5idu ajal;<\/div><div data-canvas-width=\"613.1986666666667\">Reisija v\u00f5ib loobuda reisijateveo teenuse kasutamisest. Loobumise korral kannab Reisija k\u00f5ik kahjud ise<\/div><div data-canvas-width=\"172.0106666666667\">(tagasip\u00f6\u00f6rdumiskulud, jms).<\/div><div data-canvas-width=\"592.7240000000002\">Reisija peab arvestama asjaoluga, et juhul kui ta ei j\u00f5ua kokkulepitud ajaks bussi, on bussijuhil \u00f5igus<\/div><div data-canvas-width=\"393.00800000000004\">otsustada, kas j\u00e4tkata reisi ja j\u00e4tta Reisija maha v\u00f5i oodata Reisijat.<\/div><div data-canvas-width=\"606.2613333333336\">Reisijal on keelatud bussi inventari (sh peakatted) l\u00f5hkumine, rikkumine ning kasutamine selleks mitte<\/div><div data-canvas-width=\"126.58800000000004\">etten\u00e4htud otstarbel.<\/div><div data-canvas-width=\"589.4680000000001\">Reisijal ei ole \u00f5igust n\u00f5uda t\u00e4iendavate peatuste tegemist v\u00f5i marsruudi muutmist. Enne Reisijaveo<\/div><div data-canvas-width=\"530.3320000000002\">alustamist kokku leppimata peatusi tehakse ainult Tellija esindaja ja bussijuhi n\u00f5usolekul..<\/div><div data-canvas-width=\"605.0586666666668\">Reisija kohustub esitama oma pagasi vedamiseks sellisel kujul, et see ei soodustaks kaotsiminekut ega<\/div><div data-canvas-width=\"622.0573333333336\">kahjustumist ning et Presto O\u00dc-l ei tekiks pagasi hoidmisega pagasiruumis kahju. Kui pagasi hulka kuulub<\/div><div data-canvas-width=\"449.2986666666668\">ohtlik asi, peab Reisija teavitama selle olemasolust ning ohu \u00fcldisest laadist.<\/div><div data-canvas-width=\"635.4479999999999\">Reisija kohustub h\u00fcvitama tema enda poolt v\u00f5i tema pagasist tulenevalt tekitatud kahju. Reisija ei v\u00f5i oma<\/div><div data-canvas-width=\"616.2346666666668\">kohustuste rikkumise korral tugineda oma pagasi puudusele v\u00f5i omadusele kui vastutusest vabastavale<\/div><div data-canvas-width=\"608.9746666666668\">asjaolule. Reisija vastutab oma pagasi sisu eest eelk\u00f5ige tollivormistuse ja muude ametlike toimingute<\/div><div data-canvas-width=\"69.872\">l\u00e4biviimisel.<\/div><div data-canvas-width=\"599.9839999999999\">Reisijal on keelatud vedada aineid v\u00f5i esemeid, mis v\u00f5ivad tekitada kahju teise Reisija pagasile ja\/v\u00f5i<\/div><div data-canvas-width=\"409.7426666666668\">tervisele ning mis on kantud ohtlike ja\/v\u00f5i keelatud veoste nimekirja.<\/div><div data-canvas-width=\"193.11599999999999\">Bussijuhi \u00f5igused ja kohustused<\/div><div data-canvas-width=\"434.6026666666669\">Bussijuhil on \u00f5igus keelduda s\u00f5idu alustamisest v\u00f5i j\u00e4tkamisest, juhul kui:<\/div><div data-canvas-width=\"116.02799999999999\">Reisija(d) ei kinnita<\/div><div data-canvas-width=\"268.2973333333334\">turvav\u00f6\u00f6d (eeldusel, et bussis on turvav\u00f6\u00f6d);<\/div><div>;<\/div><div data-canvas-width=\"227.30400000000003\">Reisija(d) segavad bussijuhti s\u00f5itmisel;<\/div><div data-canvas-width=\"210.93599999999998\">Reisija(d) suitsetavad bussisalongis;<\/div><div data-canvas-width=\"306.1813333333334\">Reisija(d) l\u00f5huvad v\u00f5i muul moel kahjustavad bussi;<\/div><div data-canvas-width=\"533.3386666666669\">Bussijuhil on \u00f5igus keelduda Reisija vedamisest juhul kui Reisija vedamisega kaasneks oht<\/div><div data-canvas-width=\"610.7493333333334\">reisijaveolepingu\/tellimuse n\u00f5uetekohasele t\u00e4itmisele v\u00f5i Reisija vedamine seaks ohtu kaasreisijad v\u00f5i<\/div><div data-canvas-width=\"640.1706666666671\">kolmandad isikud (kaasliiklejad) v\u00f5i muutuks suurema ohuallika (bussi) valdamine tavap\u00e4rasest ohtlikumaks<\/div><div data-canvas-width=\"63.198666666666675\">muul viisil.<\/div><div data-canvas-width=\"614.474666666667\">Bussijuhil on \u00f5igus otsustada kiireima ja l\u00fchima marsruudi kasuks ja mitte pidama enam kinni eelnevalt<\/div><div data-canvas-width=\"522.0893333333333\">kokkulepitud marsruudist kui ohtu satub \u00f5igeaegne (lepinguj\u00e4rgne) sihtkohta j\u00f5udmine.<\/div><div data-canvas-width=\"214.8226666666667\">Bussi kasutamise ajalised piirangud<\/div><div data-canvas-width=\"640.288\">Reisija(te)l on \u00f5igus kasutada bussi \u00f6\u00f6p\u00e4evas 1 juhiga kuni 10h, mis sisaldab s\u00f5iduaega kuni 9h. Kahe juhiga<\/div><div data-canvas-width=\"456.10400000000004\">on \u00f5igus kasutada bussi \u00f6\u00f6p\u00e4evas kuni 20h, mis sisaldab s\u00f5iduaega kuni 18h;<\/div><div data-canvas-width=\"621.5293333333336\">Bussi kasutamisel tuleb juhinduda\/arvestada bussijuhile kehtestatud vaheaegadest ning puhkeajast, mis<\/div><div data-canvas-width=\"274.912\">tulenevad Euroopa Liidu direktiivist 561\/2006:<\/div><div data-canvas-width=\"626.2960000000003\">P\u00e4rast nelja ja poole tunnist s\u00f5iduperioodi peab juht tegema v\u00e4hemalt 45- minutilise katkematu vaheaja,<\/div><div data-canvas-width=\"603.2840000000001\">kui ta ei alusta puhkeaega. Nimetatud vaheaja asemel v\u00f5ib olla v\u00e4hemalt 15 minuti pikkune vaheaeg,<\/div><div data-canvas-width=\"621.5146666666669\">millele j\u00e4rgneb v\u00e4hemalt 30 minuti pikkune vaheaeg, m\u00f5lemad on sobitatud s\u00f5iduaja suhtes nii, et need<\/div><div data-canvas-width=\"324.35333333333347\">toimuksid nelja ja poole tunnise s\u00f5iduperioodi jooksul.<\/div><div data-canvas-width=\"625.6066666666665\">Bussijuhi \u00f6\u00f6p\u00e4evane katkematu puhkeaeg peab olema v\u00e4hemalt 11 tunnine. Seda regulaarset \u00f6\u00f6p\u00e4evast<\/div><div data-canvas-width=\"627.8653333333338\">puhkeaega v\u00f5ib aga jaotada ka kahte ossa, kusjuures esimene osa peab h\u00f5lmama v\u00e4hemalt kolmetunnist<\/div><div>\u200b<\/div><\/div><\/div><\/div><div class=\"swiper-slide scrollable focusable swiper-slide-document swiper-slide-active swiper-no-swiping\" tabindex=\"0\" role=\"option\" aria-selected=\"true\" data-swiper-slide-index=\"1\"><div class=\"document-container io-ox-core-pdf\"><div class=\"document-page\" data-page=\"2\"><div class=\"pdf-page\"><div class=\"text-wrapper user-select-text\"><div data-canvas-width=\"529.3200000000004\">katkematut ajavahemikku ja teine osa v\u00e4hemalt \u00fcheksatunnist katkematut ajavahemikku<\/div><div data-canvas-width=\"638.1026666666663\">S\u00f5idu kestvust arvutatakse 0,5-tunnilise t\u00e4psusega. Aeg alla 0,5 tunni arvestatakse nagu 0,5 tundi ja \u00fcle 0,5<\/div><div data-canvas-width=\"109.58933333333334\">tunni nagu 1 tund.<\/div><div data-canvas-width=\"177.36399999999998\">Vastutus ja kahju h\u00fcvitamine<\/div><div data-canvas-width=\"632.2653333333333\">Kui buss ei saa Reisija(te) t\u00f5ttu (eelneva kokkuleppeta pikenenud reis, m\u00e4\u00e4rdunud, l\u00f5hutud buss) alustada<\/div><div data-canvas-width=\"290.1360000000001\">\u00f5igeaegselt j\u00e4rgmise kliendi tellimuse t\u00e4itmist on<\/div><div data-canvas-width=\"68.58133333333333\">Presto O\u00dc-l<\/div><div data-canvas-width=\"190.49066666666673\">\u00f5igus n\u00f5uda Tellijalt leppetrahvi<\/div><div data-canvas-width=\"633.4240000000001\">Puuduseks reisijaveoteenuse osutamisel ei loeta v\u00e4heolulisi muutusi teenuse kui terviku seisukohalt, mida<\/div><div data-canvas-width=\"387.9773333333334\">s\u00f5idu ajakava ja teenuse iseloomu arvestades on v\u00f5idud eeldada.<\/div><div data-canvas-width=\"60.661333333333346\">Presto O\u00dc<\/div><div data-canvas-width=\"565.7226666666663\">ei vastuta teenuse vastavuse eest kehtestatud tingimustele ja lubatud kirjeldusele, kui teenuse<\/div><div data-canvas-width=\"589.2333333333335\">osutamisel esines asjaolu, mida ei saanud m\u00f5jutada ning antud asjaoluga ei olnud v\u00f5imalik lepingu<\/div><div data-canvas-width=\"630.7986666666668\">s\u00f5lmimise v\u00f5i tellimuse kinnitamise ajal ka arvestada. Sellisteks asjaoludeks v\u00f5ivad olla takistused riigipiiri<\/div><div data-canvas-width=\"487.9306666666667\">\u00fcletamisel, liiklusseisakud, liiklusvahendi tehnilised rikked jms asjaolud. Presto O\u00dc<\/div><div data-canvas-width=\"125.86933333333334\">ei vastuta kahjude ja<\/div><div data-canvas-width=\"517.1759999999999\">saamata j\u00e4\u00e4nud tulude eest, mis tekkisid v\u00f5i v\u00f5ivad tekkida Reisijal seoses asjaoludega,<\/div><div data-canvas-width=\"115.88133333333334\">et buss ei j\u00f5udnud<\/div><div data-canvas-width=\"630.1973333333333\">\u00f5igeaegselt sihtkohta. Tellija ja\/v\u00f5i Reisija peab arvestama v\u00f5imalike takistustega ehk reisija peab varuma<\/div><div data-canvas-width=\"31.929333333333325\">aega.<\/div><div data-canvas-width=\"634.6706666666669\">Presto O\u00dc ei vastuta Tellijale ja\/v\u00f5i Reisijale tekitatud varalise (sh otsene kahju ja saamata j\u00e4\u00e4nud tulu) v\u00f5i<\/div><div data-canvas-width=\"609.942666666667\">mittevaralise kahju eest, kui see ei ole tingitud Presto O\u00dc tahtlikust tegevusest v\u00f5i raskest hooletusest.<\/div><div data-canvas-width=\"634.9786666666669\">Juhul, kui Reisija ei ole osutatava teenusega rahul, peab ta sellest koheselt Presto O\u00dc informeerima. Juhul,<\/div><div data-canvas-width=\"641.1533333333333\">kui see ei ole v\u00f5imalik v\u00f5i kui m\u00e4rkusele v\u00f5i n\u00f5udele ei reageerita, tuleb Tellijal sellest teatada Presto O\u00dc-le,<\/div><div data-canvas-width=\"626.7946666666666\">hiljemalt seitsme (7) p\u00e4eva jooksul tekkinud asjaolust teadasaamisest arvates. Tellija esitab asjaolu kohta<\/div><div data-canvas-width=\"616.4546666666668\">kirjaliku avalduse, millele tuleb lisada t\u00f5endid teenuse mittevastavusest ning dokumendid p\u00f5hjendatud<\/div><div data-canvas-width=\"624.1253333333336\">lisakulutustest ja tekkinud kahjust. Pretensioon, mis on esitatud p\u00e4rast nimetatud t\u00e4htaja m\u00f6\u00f6dumist on<\/div><div data-canvas-width=\"564.7106666666668\">aegunud ning Reisijal ja\/v\u00f5i Tellijal puudub hilisemalt \u00f5igus tugineda teenuse mittevastavusele.<\/div><div data-canvas-width=\"307.9853333333335\">Presto O\u00dc ei kanna vastutust Reisijate ees juhul kui:<\/div><div data-canvas-width=\"217.77066666666673\">Reisija tekitab kahju teisele Reisijale;<\/div><div data-canvas-width=\"572.1906666666666\">Reisija tegevuse t\u00f5ttu takerdub reisijavedu (nt l\u00fckkub edasi, et oodata mahaj\u00e4\u00e4nud reisijat vms);<\/div><div data-canvas-width=\"398.3906666666667\">Kui reisijale tekib kahju mingist otsusest, millise v\u00f5ttis vastu Reisija.<\/div><div data-canvas-width=\"398.3906666666667\">\u00a0<\/div><div data-canvas-width=\"526.1813333333334\">Presto O\u00dc-l on \u00f5igus muuta bussi kasutamise tingimusi etteteatamata. Bussi kasutamise<\/div><div data-canvas-width=\"69.62266666666666\">tingimused<\/div><div data-canvas-width=\"425.964\">loetakse muudetuks uue teksti avaldamisega veebilehel www.presto.ee<\/div><div>\u200b<\/div><\/div><\/div><\/div><\/div><\/div>\t\t\t\t\t\t\t\t<\/div>\n\t\t\t\t<\/div>\n\t\t\t\t\t<\/div>\n\t\t<\/div>\n\t\t\t\t\t<\/div>\n\t\t<\/section>\n\t\t\t\t<\/div>\n\t\t","protected":false},"excerpt":{"rendered":"<p>Bussi kasutamise tingimused Reisija \u00f5igused ja kohustusedReisija on kohustatud enne s\u00f5idu alustamist kinnitama turvav\u00f6\u00f6, juhul kui bussis on turvav\u00f6\u00f6d.Reisija kohustub j\u00e4rgima bussi sisekorraeeskirju.Reisijal on kohustus kaasa aidata reisijaveolepingu n\u00f5uetekohasele t\u00e4itmisele.Reisijal ei ole \u00f5igust muuta reisijaveolepingut v\u00f5i tellimuse kinnituses kokkulepitut.Reisijal ei ole \u00f5igust lahkuda liikuvast bussist.Reisija kohustub alluma bussijuhi korraldustele.Reisijal on keelatud alkoholi kaasav\u00f5tmine bussisalongi.Reisijal on [&hellip;]<\/p>\n","protected":false},"author":1,"featured_media":0,"parent":0,"menu_order":0,"comment_status":"closed","ping_status":"closed","template":"","meta":{"site-sidebar-layout":"no-sidebar","site-content-layout":"page-builder","ast-site-content-layout":"","site-content-style":"default","site-sidebar-style":"default","ast-global-header-display":"","ast-banner-title-visibility":"","ast-main-header-display":"","ast-hfb-above-header-display":"","ast-hfb-below-header-display":"","ast-hfb-mobile-header-display":"","site-post-title":"disabled","ast-breadcrumbs-content":"","ast-featured-img":"disabled","footer-sml-layout":"","theme-transparent-header-meta":"","adv-header-id-meta":"","stick-header-meta":"","header-above-stick-meta":"","header-main-stick-meta":"","header-below-stick-meta":"","astra-migrate-meta-layouts":"default","ast-page-background-enabled":"default","ast-page-background-meta":{"desktop":{"background-color":"var(--ast-global-color-4)","background-image":"","background-repeat":"repeat","background-position":"center center","background-size":"auto","background-attachment":"scroll","background-type":"","background-media":"","overlay-type":"","overlay-color":"","overlay-gradient":""},"tablet":{"background-color":"","background-image":"","background-repeat":"repeat","background-position":"center center","background-size":"auto","background-attachment":"scroll","background-type":"","background-media":"","overlay-type":"","overlay-color":"","overlay-gradient":""},"mobile":{"background-color":"","background-image":"","background-repeat":"repeat","background-position":"center center","background-size":"auto","background-attachment":"scroll","background-type":"","background-media":"","overlay-type":"","overlay-color":"","overlay-gradient":""}},"ast-content-background-meta":{"desktop":{"background-color":"var(--ast-global-color-5)","background-image":"","background-repeat":"repeat","background-position":"center center","background-size":"auto","background-attachment":"scroll","background-type":"","background-media":"","overlay-type":"","overlay-color":"","overlay-gradient":""},"tablet":{"background-color":"var(--ast-global-color-5)","background-image":"","background-repeat":"repeat","background-position":"center center","background-size":"auto","background-attachment":"scroll","background-type":"","background-media":"","overlay-type":"","overlay-color":"","overlay-gradient":""},"mobile":{"background-color":"var(--ast-global-color-5)","background-image":"","background-repeat":"repeat","background-position":"center center","background-size":"auto","background-attachment":"scroll","background-type":"","background-media":"","overlay-type":"","overlay-color":"","overlay-gradient":""}},"footnotes":""},"class_list":["post-632","page","type-page","status-publish","hentry"],"_links":{"self":[{"href":"https:\/\/presto.ee\/ticket\/wp-json\/wp\/v2\/pages\/632","targetHints":{"allow":["GET"]}}],"collection":[{"href":"https:\/\/presto.ee\/ticket\/wp-json\/wp\/v2\/pages"}],"about":[{"href":"https:\/\/presto.ee\/ticket\/wp-json\/wp\/v2\/types\/page"}],"author":[{"embeddable":true,"href":"https:\/\/presto.ee\/ticket\/wp-json\/wp\/v2\/users\/1"}],"replies":[{"embeddable":true,"href":"https:\/\/presto.ee\/ticket\/wp-json\/wp\/v2\/comments?post=632"}],"version-history":[{"count":0,"href":"https:\/\/presto.ee\/ticket\/wp-json\/wp\/v2\/pages\/632\/revisions"}],"wp:attachment":[{"href":"https:\/\/presto.ee\/ticket\/wp-json\/wp\/v2\/media?parent=632"}],"curies":[{"name":"wp","href":"https:\/\/api.w.org\/{rel}","templated":true}]}}